

{"id":526,"date":"2022-06-28T15:31:11","date_gmt":"2022-06-28T13:31:11","guid":{"rendered":"https:\/\/aiml2022.irisa.fr\/?page_id=526"},"modified":"2023-01-02T12:56:13","modified_gmt":"2023-01-02T11:56:13","slug":"accepted-papers","status":"publish","type":"page","link":"https:\/\/aiml2022.irisa.fr\/fr\/accepted-papers\/","title":{"rendered":"Papiers accept\u00e9s"},"content":{"rendered":"<h1 class=\"wp-block-heading\">Papiers accept\u00e9s<\/h1>\n\n\n\n<h2 class=\"wp-block-heading\">Papiers complets<\/h2>\n\n\n\n<table class=\"wp-block-table is-style-stripes\"><tbody><tr><td>Matteo Acclavio and Lutz Stra\u00dfburger<\/td><td>Combinatorial Proofs for Constructive Modal Logic<\/td><\/tr><tr><td>Ruba Alassaf, Renate A. Schmidt and Uli Sattler<\/td><td>Saturation-Based Uniform Interpolation for Multi-Agent Modal Logics<\/td><\/tr><tr><td>Philippe Balbiani and Saul Fernandez Gonzalez<\/td><td>Parametrized modal logic: an introduction<\/td><\/tr><tr><td>Philippe Balbiani and Quentin Gougeon<\/td><td>Projective unification through duality<\/td><\/tr><tr><td>Johan van Benthem, Balder ten Cate and Raoul Koudijs<\/td><td>Local Dependence and Guarding<\/td><\/tr><tr><td>Alfredo Burrieza, Inmaculada Perez de Guzm\u00e1n and Antonio Yuste-Ginel<\/td><td>A multi-modal logic for Galois connections<\/td><\/tr><tr><td>Ahmee Christensen<\/td><td>Completeness for an Intuitionistic Modal Logic of Vagueness<\/td><\/tr><tr><td>Agata Ciabattoni, Lutz Stra\u00dfburger and Matteo Tesi<\/td><td>Taming Bounded Depth with Nested Sequents<\/td><\/tr><tr><td>Ivano Ciardelli<\/td><td>Describing neighborhoods in inquisitive modal logic<\/td><\/tr><tr><td>Petr Cintula, George Metcalfe and Naomi Tokuda<\/td><td>Algebraic Semantics for One-Variable Lattice-Valued Logics<\/td><\/tr><tr><td>Willem Conradie and Mattia Panettiere<\/td><td>Modal inverse correspondence via ALBA<\/td><\/tr><tr><td>Tiziano Dalmonte<\/td><td>Wijesekera-style constructive modal logics<\/td><\/tr><tr><td>Tiziano Dalmonte and Marianna Girlando<\/td><td>Comparative plausibility in neighbourhood models: axiom systems and sequent calculi<\/td><\/tr><tr><td>Anupam Das and Sonia Marin<\/td><td>Modal logic and the polynomial hierarchy: from QBFs to K and back<\/td><\/tr><tr><td>Hans van Ditmarsch, Krisztina Fruzsa and Roman Kuznets<\/td><td>A New Hope<\/td><\/tr><tr><td>Andrea De Domenico and Giuseppe Greco<\/td><td>Algorithmic correspondence and analytic rules<\/td><\/tr><tr><td>Nicolas Fr\u00f6hlich and Arne Meier<\/td><td>Sub-Model Enumeration of Kripke Structures in Modal Logic<\/td><\/tr><tr><td>Daniel Gaina, Guillermo Badia and Tomasz Kowalski<\/td><td>Robinson consistency in many-sorted hybrid  first-order logics<\/td><\/tr><tr><td>Rajeev Gor\u00e9 and Ian Shillito<\/td><td>Direct elimination of additive-cuts in GL4ip: verified and extracted.<\/td><\/tr><tr><td>Gianluca Grilletti<\/td><td>Medvedev logic is the logic of finite distributive lattices without top element<\/td><\/tr><tr><td>Jim de Groot<\/td><td>Goldblatt-Thomason Theorems for Modal Intuitionistic Logics<\/td><\/tr><tr><td>Robin Hirsch and Brett McLean<\/td><td>EXPTIME-hardness of higher-dimensional Minkowski spacetime<\/td><\/tr><tr><td>Wesley Holliday<\/td><td>Compatibility and accessibility: lattice representations for semantics of non-classical and modal logics<\/td><\/tr><tr><td>Damian Kurpiewski, Wojtek Jamroga, \u0141ukasz Ma\u015bko, \u0141ukasz Mikulski, Witold Pazderski, Wojciech Penczek and Teofil Sidoruk<\/td><td>Verification of Multi-Agent Properties in Electronic Voting: A Case Study<\/td><\/tr><tr><td>Guillaume Massas<\/td><td>Choice-Free de Vries Duality<\/td><\/tr><tr><td>Satoru Niki<\/td><td>Intuitionistic Modality and Beth Semantics<\/td><\/tr><tr><td>Hiroakira Ono and Katsuhiko Sano<\/td><td>Analytic Cut and Mints&rsquo; Symmetric Interpolation Method for Bi-intuitionistic Tense Logic<\/td><\/tr><tr><td>Eugenio Orlandelli and Matteo Tesi<\/td><td>Labelled sequent calculi  for logics of strict implication<\/td><\/tr><tr><td>Mattia Panettiere and Apostolos Tzimoulis<\/td><td>Graded modal logic with a single modality<\/td><\/tr><tr><td>Jan Rooduijn and Lukas Zenger<\/td><td>An analytic proof system for common knowledge logic over S5<\/td><\/tr><tr><td>Denis I. Saveliev and Ilya Shapirovsky<\/td><td>Medvedev&rsquo;s logic and products of converse well orders<\/td><\/tr><tr><td>Igor Sedlar and Pietro Vigiani<\/td><td>Relevant Reasoners in a Classical World<\/td><\/tr><tr><td>Amirhossein Akbar Tabatabai<\/td><td>Provability Logics of Hierarchies<\/td><\/tr><tr><td>Amirhossein Akbar Tabatabai, Rosalie Iemhoff and Raheleh Jalali<\/td><td>Uniform Lyndon interpolation for intuitionistic monotone modal logic<\/td><\/tr><tr><td>Haoyu Wang, Yanjing Wang and Yunsong Wang<\/td><td>An Epistemic Interpretation of Tensor Disjunction<\/td><\/tr><\/tbody><\/table>\n\n\n\n<h2 class=\"wp-block-heading\">Papiers succincts (<a href=\"https:\/\/aiml2022.irisa.fr\/files\/2023\/01\/AiML2022_abstractsOfShortPresentations.pdf\">Brochure<\/a>)<\/h2>\n\n\n\n<table class=\"wp-block-table is-style-stripes\"><tbody><tr><td>Willem Conradie, Valentin Goranko and Chantel Marais<\/td><td>On the Priorean Temporal Logics of Trees<\/td><\/tr><tr><td>Sabine Frittella, Marta Bilkova, Daniil Kozhemiachenko, Ondrej Majer and Sajad Nazari<\/td><td>Reasoning with probabilities and belief functions over Belnap&#8211;Dunn logic<\/td><\/tr><tr><td>Wesley Fussner and Peter Jipsen<\/td><td>Strict Implication Over Logics Without Contraction<\/td><\/tr><tr><td>Malvin Gattinger<\/td><td>A Verified Proof of Craig Interpolation for Basic Modal Logic via Tableaux in Lean<\/td><\/tr><tr><td>Marianna Girlando, Ekaterina Kubyshkina and Mattia Petrolo<\/td><td>A labelled proof system for ignorance<\/td><\/tr><tr><td>Daniil Khaitovich<\/td><td>Neighbourhood semantics and axioms for strategic fragment of classical stit logic<\/td><\/tr><tr><td>Stanislav Kikot and Andrey Kudinov<\/td><td>On strictly positive fragments of modal logics with confluence<\/td><\/tr><tr><td>Raoul Koudijs and Balder ten Cate<\/td><td>Characterizing Modal Formulas with Examples<\/td><\/tr><tr><td>Andrey Kudinov<\/td><td>Topological product of S4.1 x S4<\/td><\/tr><tr><td>Stepan Kuznetsov<\/td><td>Strong R-completeness for the Product-Free Lambek Calculus with Intersection and Unit<\/td><\/tr><tr><td>Rui Li and Francesco Belardinelli<\/td><td>A Sahlqvist-style Correspondence Theorem for Linear-time Temporal Logic LTL<\/td><\/tr><tr><td>Ren\u00e9 Mellema and Frank Dignum<\/td><td>Linking sanctions to norms in practice (short version)<\/td><\/tr><tr><td>Zalan Molnar<\/td><td>Bounded ultrafilter extensions and ultrafilter unions are elementary<\/td><\/tr><tr><td>Yo\u00e0v Montacute<\/td><td>Cantor Derivative Logic in Topological Dynamics<\/td><\/tr><tr><td>Matteo Pascucci and Igor Sedl\u00e1r<\/td><td>Hyperintensional models for non-congruential modal systems<\/td><\/tr><tr><td>Daniel Rogozin and Ilya Shapirovsky<\/td><td>On decidable extensions of Propositional Dynamic Logic<\/td><\/tr><tr><td>Valentin Shehtman<\/td><td>Some new examples of Kripke complete modal predicate logics<\/td><\/tr><tr><td>Daniel Skurt<\/td><td>The smallest modal system<\/td><\/tr><tr><td>Naomi Tokuda<\/td><td>The Dependence Problem in Varieties of Modal Semilattices<\/td><\/tr><tr><td>Yuanzhe Yang<\/td><td>Logics of true belief<\/td><\/tr><\/tbody><\/table>","protected":false},"excerpt":{"rendered":"<p>Papiers accept\u00e9s Papiers complets Matteo Acclavio and Lutz Stra\u00dfburger Combinatorial Proofs for Constructive Modal Logic Ruba Alassaf, Renate A. Schmidt and Uli Sattler Saturation-Based Uniform Interpolation for Multi-Agent Modal Logics Philippe Balbiani and Saul Fernandez Gonzalez Parametrized modal logic: an introduction Philippe Balbiani and Quentin Gougeon Projective unification through duality&#8230;<\/p>\n<p> <a class=\"continue-reading-link\" href=\"https:\/\/aiml2022.irisa.fr\/fr\/accepted-papers\/\"><span>Continue reading<\/span><i class=\"crycon-right-dir\"><\/i><\/a> <\/p>\n","protected":false},"author":2089,"featured_media":0,"parent":0,"menu_order":0,"comment_status":"closed","ping_status":"closed","template":"","meta":{"_mc_calendar":[],"footnotes":""},"class_list":["post-526","page","type-page","status-publish","hentry"],"_links":{"self":[{"href":"https:\/\/aiml2022.irisa.fr\/fr\/wp-json\/wp\/v2\/pages\/526","targetHints":{"allow":["GET"]}}],"collection":[{"href":"https:\/\/aiml2022.irisa.fr\/fr\/wp-json\/wp\/v2\/pages"}],"about":[{"href":"https:\/\/aiml2022.irisa.fr\/fr\/wp-json\/wp\/v2\/types\/page"}],"author":[{"embeddable":true,"href":"https:\/\/aiml2022.irisa.fr\/fr\/wp-json\/wp\/v2\/users\/2089"}],"replies":[{"embeddable":true,"href":"https:\/\/aiml2022.irisa.fr\/fr\/wp-json\/wp\/v2\/comments?post=526"}],"version-history":[{"count":21,"href":"https:\/\/aiml2022.irisa.fr\/fr\/wp-json\/wp\/v2\/pages\/526\/revisions"}],"predecessor-version":[{"id":619,"href":"https:\/\/aiml2022.irisa.fr\/fr\/wp-json\/wp\/v2\/pages\/526\/revisions\/619"}],"wp:attachment":[{"href":"https:\/\/aiml2022.irisa.fr\/fr\/wp-json\/wp\/v2\/media?parent=526"}],"curies":[{"name":"wp","href":"https:\/\/api.w.org\/{rel}","templated":true}]}}