

{"id":352,"date":"2022-05-02T22:46:47","date_gmt":"2022-05-02T20:46:47","guid":{"rendered":"https:\/\/aiml2022.irisa.fr\/?page_id=352"},"modified":"2022-08-19T16:25:44","modified_gmt":"2022-08-19T14:25:44","slug":"local-information","status":"publish","type":"page","link":"https:\/\/aiml2022.irisa.fr\/fr\/local-information\/","title":{"rendered":"Informations locales"},"content":{"rendered":"<h2 class=\"wp-block-heading\">Informations locales<\/h2>\n\n\n\n<h4 class=\"wp-block-heading\">Services<\/h4>\n\n\n\n<p>Eduroam sera disponibles sur le lieu de la conf\u00e9rence. Si votre institution ne fait pas partie de son r\u00e9seau, vous pourrez demander des identifiants temporaires pour vous connecter au r\u00e9seau Wifi.<\/p>\n\n\n\n<h4 class=\"wp-block-heading\">Transport<\/h4>\n\n\n\n<p>AiML et LAMAS&amp;SR 2022 ont lieu \u00e0 l&rsquo;IRISA (Institut de Recherche en Informatique et Syst\u00e8mes Al\u00e9atoires). L&rsquo;IRISA est accessible par bus (lignes C4, C6, 40), \u00e0 20 minutes de la gare. Rennes dispose d&rsquo;un a\u00e9roport et d&rsquo;une gare \u00e0 1h30 de Paris.<\/p>\n\n\n\n<p>Plusieurs compagnies de taxis op\u00e8rent \u00e0 Rennes, par exemple: Taxis rennais (<a rel=\"noreferrer noopener\" aria-label=\" (opens in a new tab)\" href=\"tel:0299307979\" target=\"_blank\">0299307979<\/a>), Artisans Taxis de Rennes (<a rel=\"noreferrer noopener\" aria-label=\" (opens in a new tab)\" href=\"tel:0299360303\" target=\"_blank\">0299360303<\/a>).<\/p>\n\n\n\n<h4 class=\"wp-block-heading\">Logement<\/h4>\n\n\n\n<p>H\u00f4tels 2 \u00e9toiles<\/p>\n\n\n\n<ul class=\"wp-block-list\"><li><strong><a href=\"https:\/\/www.rennes-congres.fr\/en\/your-event\/accommodation\/garden-hotel-2\/\">Garden Hotel<\/a><\/strong> : L&rsquo;h\u00f4tel est situ\u00e9 au centre de Rennes pr\u00e8s de la gare, de stations de bus et du m\u00e9tro. Il dispose d&rsquo;un parking.<\/li><li><strong><a href=\"https:\/\/www.rennes-congres.fr\/en\/your-event\/accommodation\/hotel-atlantic-2\/\">H\u00f4tel Atlantic<\/a><\/strong> : Il est situ\u00e9 \u00e0 80m de la gare de Rennes, pr\u00e8s du m\u00e9tro et de stations de bus.<\/li><\/ul>\n\n\n\n<p>H\u00f4tels 3 \u00e9toiles<\/p>\n\n\n\n<ul class=\"wp-block-list\"><li><strong><a href=\"https:\/\/www.rennes-congres.fr\/en\/your-event\/accommodation\/campanile-rennes-centre-gare-2\/\">Campanile Rennes Centre Gare<\/a><\/strong> : Un h\u00f4tel au centre-ville, pr\u00e8s de la gare.<\/li><li><strong><a href=\"https:\/\/www.rennes-congres.fr\/en\/your-event\/accommodation\/kyriad-rennes-centre-gare-2\/\">Kyriad Rennes Centre Gare<\/a><\/strong> : H\u00f4tel pr\u00e8s du centre historique, du parlement de Bretagne et du parc du Thabor.<\/li><\/ul>\n\n\n\n<p>H\u00f4tels 4 \u00e9toiles<\/p>\n\n\n\n<ul class=\"wp-block-list\"><li><a href=\"https:\/\/congres-rennes.ingenie.fr\/en\/mercure-rennes-centre-parlement.html?eventid=17&amp;langue=UK\"><strong>Mercure Rennes Centre Parlement<\/strong><\/a> : H\u00f4tel situ\u00e9 dans une ancienne imprimerie charg\u00e9e d&rsquo;histoire, pr\u00e8s du centre historique et ses boutiques.<\/li><li> <strong><a href=\"https:\/\/www.rennes-congres.fr\/en\/your-event\/accommodation\/novotel-rennes-centre-gare-2\/\">Novotel Rennes Centre Gare<\/a><\/strong> : Au centre de Rennes, pr\u00e8s de la gare, un h\u00f4tel moderne avec 102 chambres, spa, centre de relaxation avec piscine, jacuzzi, salle fitness, restaurant et WiFi gratuit.<\/li><\/ul>\n\n\n\n<p>Pour visiter Rennes et ses alentours, vous pouvez regarder <a rel=\"noreferrer noopener\" aria-label=\"https:\/\/www.tourisme-rennes.com\/ (opens in a new tab)\" href=\"https:\/\/www.tourisme-rennes.com\/\" target=\"_blank\">https:\/\/www.tourisme-rennes.com\/<\/a> et <a href=\"https:\/\/www.rennes-congres.fr\/en\/welcome-to-rennes\/\">https:\/\/www.rennes-congres.fr\/en\/welcome-to-rennes\/<\/a>.<br><\/p>\n\n\n\n<figure><iframe loading=\"lazy\" frame-title=\"Plan\" src=\"https:\/\/www.openstreetmap.org\/export\/embed.html?bbox=-1.646779775619507%2C48.11274662400898%2C-1.632617712020874%2C48.12002401051115&amp;layer=mapnik&amp;marker=48.11638544610739%2C-1.6396987438201904\" width=\"425\" height=\"350\"><\/iframe><\/figure>\n\n\n\n<p><a rel=\"noreferrer noopener\" aria-label=\" (opens in a new tab)\" href=\"https:\/\/www.openstreetmap.org\/?mlat=48.11639&amp;mlon=-1.63970#map=17\/48.11639\/-1.63970\" target=\"_blank\">Afficher une carte plus grande<\/a><\/p>\n\n\n\n<h2 class=\"wp-block-heading\">Sponsors<\/h2>\n\n\n\n<div class=\"wp-block-columns has-3-columns sponsor-column is-layout-flex wp-container-core-columns-is-layout-9d6595d7 wp-block-columns-is-layout-flex\">\n<div class=\"wp-block-column is-layout-flow wp-block-column-is-layout-flow\">\n<div class=\"wp-block-image\"><figure class=\"aligncenter\"><a href=\"https:\/\/www.univ-rennes1.fr\/\" target=\"_blank\" rel=\"noreferrer noopener\"><img loading=\"lazy\" decoding=\"async\" width=\"1000\" height=\"505\" src=\"https:\/\/aiml2022.irisa.fr\/files\/2022\/05\/323739_UR1-gris-PNG.png\" alt=\"\" class=\"wp-image-362\" srcset=\"https:\/\/aiml2022.irisa.fr\/files\/2022\/05\/323739_UR1-gris-PNG.png 1000w, https:\/\/aiml2022.irisa.fr\/files\/2022\/05\/323739_UR1-gris-PNG-300x152.png 300w, https:\/\/aiml2022.irisa.fr\/files\/2022\/05\/323739_UR1-gris-PNG-768x388.png 768w, https:\/\/aiml2022.irisa.fr\/files\/2022\/05\/323739_UR1-gris-PNG-150x76.png 150w\" sizes=\"auto, (max-width: 1000px) 100vw, 1000px\" \/><\/a><\/figure><\/div>\n<\/div>\n\n\n\n<div class=\"wp-block-column is-layout-flow wp-block-column-is-layout-flow\">\n<div class=\"wp-block-image\"><figure class=\"aligncenter\"><a href=\"https:\/\/www.irisa.fr\/\" target=\"_blank\" rel=\"noreferrer noopener\"><img loading=\"lazy\" decoding=\"async\" width=\"346\" height=\"78\" src=\"https:\/\/aiml2022.irisa.fr\/files\/2022\/05\/logoIRISA.png\" alt=\"\" class=\"wp-image-433\" srcset=\"https:\/\/aiml2022.irisa.fr\/files\/2022\/05\/logoIRISA.png 346w, https:\/\/aiml2022.irisa.fr\/files\/2022\/05\/logoIRISA-300x68.png 300w, https:\/\/aiml2022.irisa.fr\/files\/2022\/05\/logoIRISA-150x34.png 150w\" sizes=\"auto, (max-width: 346px) 100vw, 346px\" \/><\/a><\/figure><\/div>\n<\/div>\n\n\n\n<div class=\"wp-block-column is-layout-flow wp-block-column-is-layout-flow\">\n<div class=\"wp-block-image\"><figure class=\"aligncenter\"><a href=\"https:\/\/www.inria.fr\" target=\"_blank\" rel=\"noreferrer noopener\"><img loading=\"lazy\" decoding=\"async\" width=\"784\" height=\"283\" src=\"https:\/\/aiml2022.irisa.fr\/files\/2022\/05\/inria_logo_rouge_cmjn.png\" alt=\"\" class=\"wp-image-431\" srcset=\"https:\/\/aiml2022.irisa.fr\/files\/2022\/05\/inria_logo_rouge_cmjn.png 784w, https:\/\/aiml2022.irisa.fr\/files\/2022\/05\/inria_logo_rouge_cmjn-300x108.png 300w, https:\/\/aiml2022.irisa.fr\/files\/2022\/05\/inria_logo_rouge_cmjn-768x277.png 768w, https:\/\/aiml2022.irisa.fr\/files\/2022\/05\/inria_logo_rouge_cmjn-150x54.png 150w\" sizes=\"auto, (max-width: 784px) 100vw, 784px\" \/><\/a><\/figure><\/div>\n<\/div>\n<\/div>\n\n\n\n<div class=\"wp-block-columns has-3-columns sponsor-column is-layout-flex wp-container-core-columns-is-layout-9d6595d7 wp-block-columns-is-layout-flex\">\n<div class=\"wp-block-column is-layout-flow wp-block-column-is-layout-flow\">\n<div class=\"wp-block-image\"><figure class=\"aligncenter\"><a href=\"https:\/\/fondation.univ-rennes1.fr\/\" target=\"_blank\" rel=\"noreferrer noopener\"><img loading=\"lazy\" decoding=\"async\" width=\"600\" height=\"338\" src=\"https:\/\/aiml2022.irisa.fr\/files\/2022\/05\/logo-Fondation-Rennes1-couleur-baseline.png\" alt=\"\" class=\"wp-image-365\" srcset=\"https:\/\/aiml2022.irisa.fr\/files\/2022\/05\/logo-Fondation-Rennes1-couleur-baseline.png 600w, https:\/\/aiml2022.irisa.fr\/files\/2022\/05\/logo-Fondation-Rennes1-couleur-baseline-300x169.png 300w, https:\/\/aiml2022.irisa.fr\/files\/2022\/05\/logo-Fondation-Rennes1-couleur-baseline-150x85.png 150w\" sizes=\"auto, (max-width: 600px) 100vw, 600px\" \/><\/a><\/figure><\/div>\n<\/div>\n\n\n\n<div class=\"wp-block-column is-layout-flow wp-block-column-is-layout-flow\">\n<div class=\"wp-block-image\"><figure class=\"aligncenter\"><a href=\"https:\/\/www.mdpi.com\/journal\/games\" target=\"_blank\" rel=\"noreferrer noopener\"><img loading=\"lazy\" decoding=\"async\" width=\"931\" height=\"292\" src=\"https:\/\/aiml2022.irisa.fr\/files\/2022\/05\/Games_Logo-01.png\" alt=\"\" class=\"wp-image-363\" srcset=\"https:\/\/aiml2022.irisa.fr\/files\/2022\/05\/Games_Logo-01.png 931w, https:\/\/aiml2022.irisa.fr\/files\/2022\/05\/Games_Logo-01-300x94.png 300w, https:\/\/aiml2022.irisa.fr\/files\/2022\/05\/Games_Logo-01-768x241.png 768w, https:\/\/aiml2022.irisa.fr\/files\/2022\/05\/Games_Logo-01-150x47.png 150w\" sizes=\"auto, (max-width: 931px) 100vw, 931px\" \/><\/a><\/figure><\/div>\n<\/div>\n\n\n\n<div class=\"wp-block-column is-layout-flow wp-block-column-is-layout-flow\">\n<div class=\"wp-block-image\"><figure class=\"aligncenter\"><a href=\"http:\/\/www.irisa.fr\/equipes\/logica\" target=\"_blank\" rel=\"noreferrer noopener\"><img loading=\"lazy\" decoding=\"async\" width=\"336\" height=\"104\" src=\"https:\/\/aiml2022.irisa.fr\/files\/2022\/05\/logo-logica.png\" alt=\"\" class=\"wp-image-469\" srcset=\"https:\/\/aiml2022.irisa.fr\/files\/2022\/05\/logo-logica.png 336w, https:\/\/aiml2022.irisa.fr\/files\/2022\/05\/logo-logica-300x93.png 300w, https:\/\/aiml2022.irisa.fr\/files\/2022\/05\/logo-logica-150x46.png 150w\" sizes=\"auto, (max-width: 336px) 100vw, 336px\" \/><\/a><\/figure><\/div>\n<\/div>\n<\/div>\n\n\n\n<div class=\"wp-block-columns has-3-columns sponsor-column is-layout-flex wp-container-core-columns-is-layout-9d6595d7 wp-block-columns-is-layout-flex\">\n<div class=\"wp-block-column is-layout-flow wp-block-column-is-layout-flow\">\n<figure class=\"wp-block-image\"><a href=\"https:\/\/metropole.rennes.fr\/\" target=\"_blank\" rel=\"noreferrer noopener\"><img loading=\"lazy\" decoding=\"async\" width=\"591\" height=\"236\" src=\"https:\/\/aiml2022.irisa.fr\/files\/2022\/05\/RM_quadriNOIR.png\" alt=\"\" class=\"wp-image-434\" srcset=\"https:\/\/aiml2022.irisa.fr\/files\/2022\/05\/RM_quadriNOIR.png 591w, https:\/\/aiml2022.irisa.fr\/files\/2022\/05\/RM_quadriNOIR-300x120.png 300w, https:\/\/aiml2022.irisa.fr\/files\/2022\/05\/RM_quadriNOIR-150x60.png 150w\" sizes=\"auto, (max-width: 591px) 100vw, 591px\" \/><\/a><\/figure>\n<\/div>\n\n\n\n<div class=\"wp-block-column is-layout-flow wp-block-column-is-layout-flow\">\n<div class=\"wp-block-image\"><figure class=\"aligncenter\"><a href=\"https:\/\/www.bretagne.bzh\/\" target=\"_blank\" rel=\"noreferrer noopener\"><img loading=\"lazy\" decoding=\"async\" width=\"113\" height=\"114\" src=\"https:\/\/aiml2022.irisa.fr\/files\/2022\/05\/logo.jpeg\" alt=\"\" class=\"wp-image-432\"\/><\/a><\/figure><\/div>\n<\/div>\n\n\n\n<div class=\"wp-block-column is-layout-flow wp-block-column-is-layout-flow\">\n<div class=\"wp-block-image\"><figure class=\"aligncenter\"><a href=\"https:\/\/mitsubishielectric.com\/\" target=\"_blank\" rel=\"noreferrer noopener\"><img loading=\"lazy\" decoding=\"async\" width=\"500\" height=\"337\" src=\"https:\/\/aiml2022.irisa.fr\/files\/2022\/05\/mitsu_logo_01.png\" alt=\"\" class=\"wp-image-367\" srcset=\"https:\/\/aiml2022.irisa.fr\/files\/2022\/05\/mitsu_logo_01.png 500w, https:\/\/aiml2022.irisa.fr\/files\/2022\/05\/mitsu_logo_01-300x202.png 300w, https:\/\/aiml2022.irisa.fr\/files\/2022\/05\/mitsu_logo_01-150x101.png 150w\" sizes=\"auto, (max-width: 500px) 100vw, 500px\" \/><\/a><\/figure><\/div>\n<\/div>\n<\/div>","protected":false},"excerpt":{"rendered":"<p>Informations locales Services Eduroam sera disponibles sur le lieu de la conf\u00e9rence. Si votre institution ne fait pas partie de son r\u00e9seau, vous pourrez demander des identifiants temporaires pour vous connecter au r\u00e9seau Wifi. Transport AiML et LAMAS&amp;SR 2022 ont lieu \u00e0 l&rsquo;IRISA (Institut de Recherche en Informatique et Syst\u00e8mes&#8230;<\/p>\n<p> <a class=\"continue-reading-link\" href=\"https:\/\/aiml2022.irisa.fr\/fr\/local-information\/\"><span>Continue reading<\/span><i class=\"crycon-right-dir\"><\/i><\/a> <\/p>\n","protected":false},"author":2089,"featured_media":0,"parent":0,"menu_order":0,"comment_status":"closed","ping_status":"closed","template":"","meta":{"_mc_calendar":[],"footnotes":""},"class_list":["post-352","page","type-page","status-publish","hentry"],"_links":{"self":[{"href":"https:\/\/aiml2022.irisa.fr\/fr\/wp-json\/wp\/v2\/pages\/352","targetHints":{"allow":["GET"]}}],"collection":[{"href":"https:\/\/aiml2022.irisa.fr\/fr\/wp-json\/wp\/v2\/pages"}],"about":[{"href":"https:\/\/aiml2022.irisa.fr\/fr\/wp-json\/wp\/v2\/types\/page"}],"author":[{"embeddable":true,"href":"https:\/\/aiml2022.irisa.fr\/fr\/wp-json\/wp\/v2\/users\/2089"}],"replies":[{"embeddable":true,"href":"https:\/\/aiml2022.irisa.fr\/fr\/wp-json\/wp\/v2\/comments?post=352"}],"version-history":[{"count":19,"href":"https:\/\/aiml2022.irisa.fr\/fr\/wp-json\/wp\/v2\/pages\/352\/revisions"}],"predecessor-version":[{"id":589,"href":"https:\/\/aiml2022.irisa.fr\/fr\/wp-json\/wp\/v2\/pages\/352\/revisions\/589"}],"wp:attachment":[{"href":"https:\/\/aiml2022.irisa.fr\/fr\/wp-json\/wp\/v2\/media?parent=352"}],"curies":[{"name":"wp","href":"https:\/\/api.w.org\/{rel}","templated":true}]}}