

{"id":348,"date":"2022-05-02T22:45:13","date_gmt":"2022-05-02T20:45:13","guid":{"rendered":"https:\/\/aiml2022.irisa.fr\/?page_id=348"},"modified":"2022-06-26T23:16:14","modified_gmt":"2022-06-26T21:16:14","slug":"registration","status":"publish","type":"page","link":"https:\/\/aiml2022.irisa.fr\/fr\/registration\/","title":{"rendered":"Inscription"},"content":{"rendered":"<h2 class=\"wp-block-heading\">Inscription<\/h2>\n\n\n\n<blockquote class=\"wp-block-quote is-layout-flow wp-block-quote-is-layout-flow\"><p>Les inscriptions sont ouvertes !<\/p><cite><a href=\"https:\/\/aimllamassr2022.sciencesconf.org\/\">https:\/\/aimllamassr2022.sciencesconf.org\/<\/a><\/cite><\/blockquote>\n\n\n\n<p>Les inscriptions commencent le lundi 16 mai. Toute question sur les inscriptions et le paiement doivent \u00eatre envoy\u00e9es \u00e0 <a href=\"mailto:aimllamassr2022@sciencesconf.org\">aimllamassr2022@sciencesconf.org<\/a>.<\/p>\n\n\n\n<p>La page d&rsquo;inscription est commune entre AiML et <a href=\"https:\/\/lamassr.github.io\/\">LAMAS&amp;SR<\/a>. Nous vous encourageons \u00e0 vous inscrire aux deux conf\u00e9rences.<\/p>\n\n\n\n<h4 class=\"wp-block-heading\">Frais d&rsquo;inscriptions<\/h4>\n\n\n\n<p>L&rsquo;offre anticip\u00e9e dure jusqu&rsquo;au <del>3 juin<\/del> <strong>9 juin<\/strong>, et les inscriptions se terminent le <strong>10 ao\u00fbt<\/strong>. En raison de la fermeture estivale de l&rsquo;universit\u00e9, veuillez vous attendre \u00e0 des temps de r\u00e9ponses allong\u00e9s du 25 juillet au 8 ao\u00fbt.<\/p>\n\n\n\n<table class=\"wp-block-table aligncenter is-style-stripes\"><tbody><tr><td>AiML<\/td><td><strong>Student<\/strong><\/td><td><strong>Standard<\/strong><\/td><\/tr><tr><td><strong>Early&nbsp;bird<\/strong><\/td><td>137.50\u20ac<\/td><td>229.16\u20ac<\/td><\/tr><tr><td><strong>Normal rate<\/strong><\/td><td>183.34\u20ac<\/td><td>275\u20ac<\/td><\/tr><\/tbody><\/table>\n\n\n\n<p>Il n&rsquo;y a pas d&rsquo;offres anticip\u00e9es pour LAMAS&amp;SR:<br><\/p>\n\n\n\n<table class=\"wp-block-table aligncenter is-style-stripes\"><tbody><tr><td>LAMAS&amp;SR<\/td><td><strong>Student<\/strong><\/td><td><strong>Standard<\/strong><\/td><\/tr><tr><td><\/td><td>36.55\u20ac<\/td><td>55\u20ac<\/td><\/tr><\/tbody><\/table>\n\n\n\n<h4 class=\"wp-block-heading\">Ce qui est compris<\/h4>\n\n\n\n<ul class=\"wp-block-list\"><li>L&rsquo;entr\u00e9e \u00e0 la conf\u00e9rence<\/li><li>Pauses caf\u00e9 (y compris la r\u00e9ception le lundi matin)<\/li><li>D\u00e9jeuners<\/li><li>D\u00eener du mercredi (<em>social&nbsp;event<\/em>)<\/li><\/ul>\n\n\n\n<h2 class=\"wp-block-heading\">Sponsors<\/h2>\n\n\n\n<div class=\"wp-block-columns has-3-columns sponsor-column is-layout-flex wp-container-core-columns-is-layout-9d6595d7 wp-block-columns-is-layout-flex\">\n<div class=\"wp-block-column is-layout-flow wp-block-column-is-layout-flow\">\n<div class=\"wp-block-image\"><figure class=\"aligncenter\"><a href=\"https:\/\/www.univ-rennes1.fr\/\" target=\"_blank\" rel=\"noreferrer noopener\"><img loading=\"lazy\" decoding=\"async\" width=\"1000\" height=\"505\" src=\"https:\/\/aiml2022.irisa.fr\/files\/2022\/05\/323739_UR1-gris-PNG.png\" alt=\"\" class=\"wp-image-362\" srcset=\"https:\/\/aiml2022.irisa.fr\/files\/2022\/05\/323739_UR1-gris-PNG.png 1000w, https:\/\/aiml2022.irisa.fr\/files\/2022\/05\/323739_UR1-gris-PNG-300x152.png 300w, https:\/\/aiml2022.irisa.fr\/files\/2022\/05\/323739_UR1-gris-PNG-768x388.png 768w, https:\/\/aiml2022.irisa.fr\/files\/2022\/05\/323739_UR1-gris-PNG-150x76.png 150w\" sizes=\"auto, (max-width: 1000px) 100vw, 1000px\" \/><\/a><\/figure><\/div>\n<\/div>\n\n\n\n<div class=\"wp-block-column is-layout-flow wp-block-column-is-layout-flow\">\n<div class=\"wp-block-image\"><figure class=\"aligncenter\"><a href=\"https:\/\/www.irisa.fr\/\" target=\"_blank\" rel=\"noreferrer noopener\"><img loading=\"lazy\" decoding=\"async\" width=\"346\" height=\"78\" src=\"https:\/\/aiml2022.irisa.fr\/files\/2022\/05\/logoIRISA.png\" alt=\"\" class=\"wp-image-433\" srcset=\"https:\/\/aiml2022.irisa.fr\/files\/2022\/05\/logoIRISA.png 346w, https:\/\/aiml2022.irisa.fr\/files\/2022\/05\/logoIRISA-300x68.png 300w, https:\/\/aiml2022.irisa.fr\/files\/2022\/05\/logoIRISA-150x34.png 150w\" sizes=\"auto, (max-width: 346px) 100vw, 346px\" \/><\/a><\/figure><\/div>\n<\/div>\n\n\n\n<div class=\"wp-block-column is-layout-flow wp-block-column-is-layout-flow\">\n<div class=\"wp-block-image\"><figure class=\"aligncenter\"><a href=\"https:\/\/www.inria.fr\" target=\"_blank\" rel=\"noreferrer noopener\"><img loading=\"lazy\" decoding=\"async\" width=\"784\" height=\"283\" src=\"https:\/\/aiml2022.irisa.fr\/files\/2022\/05\/inria_logo_rouge_cmjn.png\" alt=\"\" class=\"wp-image-431\" srcset=\"https:\/\/aiml2022.irisa.fr\/files\/2022\/05\/inria_logo_rouge_cmjn.png 784w, https:\/\/aiml2022.irisa.fr\/files\/2022\/05\/inria_logo_rouge_cmjn-300x108.png 300w, https:\/\/aiml2022.irisa.fr\/files\/2022\/05\/inria_logo_rouge_cmjn-768x277.png 768w, https:\/\/aiml2022.irisa.fr\/files\/2022\/05\/inria_logo_rouge_cmjn-150x54.png 150w\" sizes=\"auto, (max-width: 784px) 100vw, 784px\" \/><\/a><\/figure><\/div>\n<\/div>\n<\/div>\n\n\n\n<div class=\"wp-block-columns has-3-columns sponsor-column is-layout-flex wp-container-core-columns-is-layout-9d6595d7 wp-block-columns-is-layout-flex\">\n<div class=\"wp-block-column is-layout-flow wp-block-column-is-layout-flow\">\n<div class=\"wp-block-image\"><figure class=\"aligncenter\"><a href=\"https:\/\/fondation.univ-rennes1.fr\/\" target=\"_blank\" rel=\"noreferrer noopener\"><img loading=\"lazy\" decoding=\"async\" width=\"600\" height=\"338\" src=\"https:\/\/aiml2022.irisa.fr\/files\/2022\/05\/logo-Fondation-Rennes1-couleur-baseline.png\" alt=\"\" class=\"wp-image-365\" srcset=\"https:\/\/aiml2022.irisa.fr\/files\/2022\/05\/logo-Fondation-Rennes1-couleur-baseline.png 600w, https:\/\/aiml2022.irisa.fr\/files\/2022\/05\/logo-Fondation-Rennes1-couleur-baseline-300x169.png 300w, https:\/\/aiml2022.irisa.fr\/files\/2022\/05\/logo-Fondation-Rennes1-couleur-baseline-150x85.png 150w\" sizes=\"auto, (max-width: 600px) 100vw, 600px\" \/><\/a><\/figure><\/div>\n<\/div>\n\n\n\n<div class=\"wp-block-column is-layout-flow wp-block-column-is-layout-flow\">\n<div class=\"wp-block-image\"><figure class=\"aligncenter\"><a href=\"https:\/\/www.mdpi.com\/journal\/games\" target=\"_blank\" rel=\"noreferrer noopener\"><img loading=\"lazy\" decoding=\"async\" width=\"931\" height=\"292\" src=\"https:\/\/aiml2022.irisa.fr\/files\/2022\/05\/Games_Logo-01.png\" alt=\"\" class=\"wp-image-363\" srcset=\"https:\/\/aiml2022.irisa.fr\/files\/2022\/05\/Games_Logo-01.png 931w, https:\/\/aiml2022.irisa.fr\/files\/2022\/05\/Games_Logo-01-300x94.png 300w, https:\/\/aiml2022.irisa.fr\/files\/2022\/05\/Games_Logo-01-768x241.png 768w, https:\/\/aiml2022.irisa.fr\/files\/2022\/05\/Games_Logo-01-150x47.png 150w\" sizes=\"auto, (max-width: 931px) 100vw, 931px\" \/><\/a><\/figure><\/div>\n<\/div>\n\n\n\n<div class=\"wp-block-column is-layout-flow wp-block-column-is-layout-flow\">\n<div class=\"wp-block-image\"><figure class=\"aligncenter\"><a href=\"http:\/\/www.irisa.fr\/equipes\/logica\" target=\"_blank\" rel=\"noreferrer noopener\"><img loading=\"lazy\" decoding=\"async\" width=\"336\" height=\"104\" src=\"https:\/\/aiml2022.irisa.fr\/files\/2022\/05\/logo-logica.png\" alt=\"\" class=\"wp-image-469\" srcset=\"https:\/\/aiml2022.irisa.fr\/files\/2022\/05\/logo-logica.png 336w, https:\/\/aiml2022.irisa.fr\/files\/2022\/05\/logo-logica-300x93.png 300w, https:\/\/aiml2022.irisa.fr\/files\/2022\/05\/logo-logica-150x46.png 150w\" sizes=\"auto, (max-width: 336px) 100vw, 336px\" \/><\/a><\/figure><\/div>\n<\/div>\n<\/div>\n\n\n\n<div class=\"wp-block-columns has-3-columns sponsor-column is-layout-flex wp-container-core-columns-is-layout-9d6595d7 wp-block-columns-is-layout-flex\">\n<div class=\"wp-block-column is-layout-flow wp-block-column-is-layout-flow\">\n<figure class=\"wp-block-image\"><a href=\"https:\/\/metropole.rennes.fr\/\" target=\"_blank\" rel=\"noreferrer noopener\"><img loading=\"lazy\" decoding=\"async\" width=\"591\" height=\"236\" src=\"https:\/\/aiml2022.irisa.fr\/files\/2022\/05\/RM_quadriNOIR.png\" alt=\"\" class=\"wp-image-434\" srcset=\"https:\/\/aiml2022.irisa.fr\/files\/2022\/05\/RM_quadriNOIR.png 591w, https:\/\/aiml2022.irisa.fr\/files\/2022\/05\/RM_quadriNOIR-300x120.png 300w, https:\/\/aiml2022.irisa.fr\/files\/2022\/05\/RM_quadriNOIR-150x60.png 150w\" sizes=\"auto, (max-width: 591px) 100vw, 591px\" \/><\/a><\/figure>\n<\/div>\n\n\n\n<div class=\"wp-block-column is-layout-flow wp-block-column-is-layout-flow\">\n<div class=\"wp-block-image\"><figure class=\"aligncenter\"><a href=\"https:\/\/www.bretagne.bzh\/\" target=\"_blank\" rel=\"noreferrer noopener\"><img loading=\"lazy\" decoding=\"async\" width=\"113\" height=\"114\" src=\"https:\/\/aiml2022.irisa.fr\/files\/2022\/05\/logo.jpeg\" alt=\"\" class=\"wp-image-432\"\/><\/a><\/figure><\/div>\n<\/div>\n\n\n\n<div class=\"wp-block-column is-layout-flow wp-block-column-is-layout-flow\">\n<div class=\"wp-block-image\"><figure class=\"aligncenter\"><a href=\"https:\/\/mitsubishielectric.com\/\" target=\"_blank\" rel=\"noreferrer noopener\"><img loading=\"lazy\" decoding=\"async\" width=\"500\" height=\"337\" src=\"https:\/\/aiml2022.irisa.fr\/files\/2022\/05\/mitsu_logo_01.png\" alt=\"\" class=\"wp-image-367\" srcset=\"https:\/\/aiml2022.irisa.fr\/files\/2022\/05\/mitsu_logo_01.png 500w, https:\/\/aiml2022.irisa.fr\/files\/2022\/05\/mitsu_logo_01-300x202.png 300w, https:\/\/aiml2022.irisa.fr\/files\/2022\/05\/mitsu_logo_01-150x101.png 150w\" sizes=\"auto, (max-width: 500px) 100vw, 500px\" \/><\/a><\/figure><\/div>\n<\/div>\n<\/div>","protected":false},"excerpt":{"rendered":"<p>Inscription Les inscriptions sont ouvertes ! https:\/\/aimllamassr2022.sciencesconf.org\/ Les inscriptions commencent le lundi 16 mai. Toute question sur les inscriptions et le paiement doivent \u00eatre envoy\u00e9es \u00e0 aimllamassr2022@sciencesconf.org. La page d&rsquo;inscription est commune entre AiML et LAMAS&amp;SR. Nous vous encourageons \u00e0 vous inscrire aux deux conf\u00e9rences. Frais d&rsquo;inscriptions L&rsquo;offre anticip\u00e9e dure&#8230;<\/p>\n<p> <a class=\"continue-reading-link\" href=\"https:\/\/aiml2022.irisa.fr\/fr\/registration\/\"><span>Continue reading<\/span><i class=\"crycon-right-dir\"><\/i><\/a> <\/p>\n","protected":false},"author":2089,"featured_media":0,"parent":0,"menu_order":0,"comment_status":"closed","ping_status":"closed","template":"","meta":{"_mc_calendar":[],"footnotes":""},"class_list":["post-348","page","type-page","status-publish","hentry"],"_links":{"self":[{"href":"https:\/\/aiml2022.irisa.fr\/fr\/wp-json\/wp\/v2\/pages\/348","targetHints":{"allow":["GET"]}}],"collection":[{"href":"https:\/\/aiml2022.irisa.fr\/fr\/wp-json\/wp\/v2\/pages"}],"about":[{"href":"https:\/\/aiml2022.irisa.fr\/fr\/wp-json\/wp\/v2\/types\/page"}],"author":[{"embeddable":true,"href":"https:\/\/aiml2022.irisa.fr\/fr\/wp-json\/wp\/v2\/users\/2089"}],"replies":[{"embeddable":true,"href":"https:\/\/aiml2022.irisa.fr\/fr\/wp-json\/wp\/v2\/comments?post=348"}],"version-history":[{"count":33,"href":"https:\/\/aiml2022.irisa.fr\/fr\/wp-json\/wp\/v2\/pages\/348\/revisions"}],"predecessor-version":[{"id":525,"href":"https:\/\/aiml2022.irisa.fr\/fr\/wp-json\/wp\/v2\/pages\/348\/revisions\/525"}],"wp:attachment":[{"href":"https:\/\/aiml2022.irisa.fr\/fr\/wp-json\/wp\/v2\/media?parent=348"}],"curies":[{"name":"wp","href":"https:\/\/api.w.org\/{rel}","templated":true}]}}